{"id":1123,"date":"2025-03-25T20:38:37","date_gmt":"2025-03-25T20:38:37","guid":{"rendered":"https:\/\/eletronicawisdom.com.br\/principal\/?page_id=1123"},"modified":"2026-03-04T15:50:12","modified_gmt":"2026-03-04T15:50:12","slug":"aempresa","status":"publish","type":"page","link":"https:\/\/eletronicawisdom.com.br\/principal\/aempresa\/","title":{"rendered":"aempresa"},"content":{"rendered":"\t\t<div data-elementor-type=\"wp-page\" data-elementor-id=\"1123\" class=\"elementor elementor-1123\">\n\t\t\t\t<div class=\"elementor-element elementor-element-e9b6a62 e-flex e-con-boxed e-con e-parent\" data-id=\"e9b6a62\" data-element_type=\"container\" data-e-type=\"container\" data-settings=\"{&quot;background_background&quot;:&quot;classic&quot;}\">\n\t\t\t\t\t<div class=\"e-con-inner\">\n\t\t\t\t\t<\/div>\n\t\t\t\t<\/div>\n\t\t<div class=\"elementor-element elementor-element-a64b22c e-flex e-con-boxed e-con e-parent\" data-id=\"a64b22c\" data-element_type=\"container\" data-e-type=\"container\" data-settings=\"{&quot;background_background&quot;:&quot;classic&quot;}\">\n\t\t\t\t\t<div class=\"e-con-inner\">\n\t\t\t\t<div class=\"elementor-element elementor-element-9108eaf elementor-widget elementor-widget-heading\" data-id=\"9108eaf\" data-element_type=\"widget\" data-e-type=\"widget\" data-widget_type=\"heading.default\">\n\t\t\t\t<div class=\"elementor-widget-container\">\n\t\t\t\t\t<h2 class=\"elementor-heading-title elementor-size-default\">ELETR\u00d4NICA WISDOM<\/h2>\t\t\t\t<\/div>\n\t\t\t\t<\/div>\n\t\t\t\t\t<\/div>\n\t\t\t\t<\/div>\n\t\t<div class=\"elementor-element elementor-element-4bd58e6 e-flex e-con-boxed e-con e-parent\" data-id=\"4bd58e6\" data-element_type=\"container\" data-e-type=\"container\" data-settings=\"{&quot;background_background&quot;:&quot;classic&quot;}\">\n\t\t\t\t\t<div class=\"e-con-inner\">\n\t\t\t\t<div class=\"elementor-element elementor-element-ed2bbe7 elementor-widget elementor-widget-heading\" data-id=\"ed2bbe7\" data-element_type=\"widget\" data-e-type=\"widget\" data-widget_type=\"heading.default\">\n\t\t\t\t<div class=\"elementor-widget-container\">\n\t\t\t\t\t<h2 class=\"elementor-heading-title elementor-size-default\">Vendas e Servi\u00e7os<\/h2>\t\t\t\t<\/div>\n\t\t\t\t<\/div>\n\t\t\t\t\t<\/div>\n\t\t\t\t<\/div>\n\t\t<div class=\"elementor-element elementor-element-956ed5e e-flex e-con-boxed e-con e-parent\" data-id=\"956ed5e\" data-element_type=\"container\" data-e-type=\"container\" data-settings=\"{&quot;background_background&quot;:&quot;classic&quot;}\">\n\t\t\t\t\t<div class=\"e-con-inner\">\n\t\t\t\t\t<\/div>\n\t\t\t\t<\/div>\n\t\t<div class=\"elementor-element elementor-element-0c2bcd4 e-con-full e-flex e-con e-parent\" data-id=\"0c2bcd4\" data-element_type=\"container\" data-e-type=\"container\" data-settings=\"{&quot;background_background&quot;:&quot;classic&quot;}\">\n\t\t\t\t<div class=\"elementor-element elementor-element-a4d113c elementor-widget__width-initial elementor-widget elementor-widget-text-editor\" data-id=\"a4d113c\" data-element_type=\"widget\" data-e-type=\"widget\" data-widget_type=\"text-editor.default\">\n\t\t\t\t<div class=\"elementor-widget-container\">\n\t\t\t\t\t\t\t\t\t<p>A eletr\u00f4nica est\u00e1 presente em quase todos os aspectos da vida moderna desempenhando um papel essencial em diversas \u00e1reas do dia a dia.<\/p><p>A Eletr\u00f4nica Wisdom tem como objetivo fornecer produtos e servi\u00e7os que possam facilitar e ajudar os seus clientes diante desse cen\u00e1rio.<\/p>\t\t\t\t\t\t\t\t<\/div>\n\t\t\t\t<\/div>\n\t\t\t\t<\/div>\n\t\t<div class=\"elementor-element elementor-element-4505d78 e-flex e-con-boxed e-con e-parent\" data-id=\"4505d78\" data-element_type=\"container\" data-e-type=\"container\" data-settings=\"{&quot;background_background&quot;:&quot;classic&quot;}\">\n\t\t\t\t\t<div class=\"e-con-inner\">\n\t\t\t\t\t<\/div>\n\t\t\t\t<\/div>\n\t\t<div class=\"elementor-element elementor-element-368707e e-flex e-con-boxed e-con e-parent\" data-id=\"368707e\" data-element_type=\"container\" data-e-type=\"container\" data-settings=\"{&quot;background_background&quot;:&quot;classic&quot;}\">\n\t\t\t\t\t<div class=\"e-con-inner\">\n\t\t<div class=\"elementor-element elementor-element-279ca93 e-grid e-con-full e-con e-child\" data-id=\"279ca93\" data-element_type=\"container\" data-e-type=\"container\">\n\t\t\t\t<div class=\"elementor-element elementor-element-2aa7fd3 elementor-widget elementor-widget-image\" data-id=\"2aa7fd3\" data-element_type=\"widget\" data-e-type=\"widget\" data-widget_type=\"image.default\">\n\t\t\t\t<div class=\"elementor-widget-container\">\n\t\t\t\t\t\t\t\t\t\t\t\t\t\t\t<img fetchpriority=\"high\" decoding=\"async\" width=\"508\" height=\"276\" src=\"https:\/\/eletronicawisdom.com.br\/wp-content\/uploads\/2025\/04\/5-1.png\" class=\"attachment-medium_large size-medium_large wp-image-1277\" alt=\"\" srcset=\"https:\/\/eletronicawisdom.com.br\/wp-content\/uploads\/2025\/04\/5-1.png 508w, https:\/\/eletronicawisdom.com.br\/wp-content\/uploads\/2025\/04\/5-1-300x163.png 300w\" sizes=\"(max-width: 508px) 100vw, 508px\" \/>\t\t\t\t\t\t\t\t\t\t\t\t\t\t\t<\/div>\n\t\t\t\t<\/div>\n\t\t\t\t<\/div>\n\t\t\t\t\t<\/div>\n\t\t\t\t<\/div>\n\t\t\t\t<\/div>\n\t\t","protected":false},"excerpt":{"rendered":"<p>ELETR\u00d4NICA WISDOM Vendas e Servi\u00e7os A eletr\u00f4nica est\u00e1 presente em quase todos os aspectos da vida moderna desempenhando um papel essencial em diversas \u00e1reas do dia a dia. A Eletr\u00f4nica Wisdom tem como objetivo fornecer produtos e servi\u00e7os que possam facilitar e ajudar os seus clientes diante desse cen\u00e1rio.<\/p>\n","protected":false},"author":1,"featured_media":0,"parent":0,"menu_order":0,"comment_status":"closed","ping_status":"closed","template":"page-templates\/template-pagebuilder-full-width.php","meta":{"_uag_custom_page_level_css":"","neve_meta_sidebar":"","neve_meta_container":"","neve_meta_enable_content_width":"","neve_meta_content_width":0,"neve_meta_title_alignment":"","neve_meta_author_avatar":"","neve_post_elements_order":"","neve_meta_disable_header":"","neve_meta_disable_footer":"","neve_meta_disable_title":"","footnotes":""},"class_list":["post-1123","page","type-page","status-publish","hentry"],"aioseo_notices":[],"uagb_featured_image_src":{"full":false,"thumbnail":false,"medium":false,"medium_large":false,"large":false,"1536x1536":false,"2048x2048":false,"neve-blog":false},"uagb_author_info":{"display_name":"marco.aurelio.soares@gmail.com","author_link":"https:\/\/eletronicawisdom.com.br\/principal\/author\/marco-aurelio-soaresgmail-com\/"},"uagb_comment_info":0,"uagb_excerpt":"ELETR\u00d4NICA WISDOM Vendas e Servi\u00e7os A eletr\u00f4nica est\u00e1 presente em quase todos os aspectos da vida moderna desempenhando um papel essencial em diversas \u00e1reas do dia a dia. A Eletr\u00f4nica Wisdom tem como objetivo fornecer produtos e servi\u00e7os que possam facilitar e ajudar os seus clientes diante desse cen\u00e1rio.","_links":{"self":[{"href":"https:\/\/eletronicawisdom.com.br\/principal\/wp-json\/wp\/v2\/pages\/1123","targetHints":{"allow":["GET"]}}],"collection":[{"href":"https:\/\/eletronicawisdom.com.br\/principal\/wp-json\/wp\/v2\/pages"}],"about":[{"href":"https:\/\/eletronicawisdom.com.br\/principal\/wp-json\/wp\/v2\/types\/page"}],"author":[{"embeddable":true,"href":"https:\/\/eletronicawisdom.com.br\/principal\/wp-json\/wp\/v2\/users\/1"}],"replies":[{"embeddable":true,"href":"https:\/\/eletronicawisdom.com.br\/principal\/wp-json\/wp\/v2\/comments?post=1123"}],"version-history":[{"count":61,"href":"https:\/\/eletronicawisdom.com.br\/principal\/wp-json\/wp\/v2\/pages\/1123\/revisions"}],"predecessor-version":[{"id":1357,"href":"https:\/\/eletronicawisdom.com.br\/principal\/wp-json\/wp\/v2\/pages\/1123\/revisions\/1357"}],"wp:attachment":[{"href":"https:\/\/eletronicawisdom.com.br\/principal\/wp-json\/wp\/v2\/media?parent=1123"}],"curies":[{"name":"wp","href":"https:\/\/api.w.org\/{rel}","templated":true}]}}