{"id":1150,"date":"2025-03-25T23:10:28","date_gmt":"2025-03-25T23:10:28","guid":{"rendered":"https:\/\/eletronicawisdom.com.br\/principal\/?page_id=1150"},"modified":"2026-03-04T15:52:31","modified_gmt":"2026-03-04T15:52:31","slug":"contato","status":"publish","type":"page","link":"https:\/\/eletronicawisdom.com.br\/principal\/contato\/","title":{"rendered":"contato"},"content":{"rendered":"\t\t<div data-elementor-type=\"wp-page\" data-elementor-id=\"1150\" class=\"elementor elementor-1150\">\n\t\t\t\t<div class=\"elementor-element elementor-element-e9b6a62 e-flex e-con-boxed e-con e-parent\" data-id=\"e9b6a62\" data-element_type=\"container\" data-e-type=\"container\" data-settings=\"{&quot;background_background&quot;:&quot;classic&quot;}\">\n\t\t\t\t\t<div class=\"e-con-inner\">\n\t\t\t\t\t<\/div>\n\t\t\t\t<\/div>\n\t\t<div class=\"elementor-element elementor-element-a64b22c e-flex e-con-boxed e-con e-parent\" data-id=\"a64b22c\" data-element_type=\"container\" data-e-type=\"container\" data-settings=\"{&quot;background_background&quot;:&quot;classic&quot;}\">\n\t\t\t\t\t<div class=\"e-con-inner\">\n\t\t\t\t<div class=\"elementor-element elementor-element-9108eaf elementor-widget elementor-widget-heading\" data-id=\"9108eaf\" data-element_type=\"widget\" data-e-type=\"widget\" data-widget_type=\"heading.default\">\n\t\t\t\t<div class=\"elementor-widget-container\">\n\t\t\t\t\t<h2 class=\"elementor-heading-title elementor-size-default\">ELETR\u00d4NICA WISDOM<\/h2>\t\t\t\t<\/div>\n\t\t\t\t<\/div>\n\t\t\t\t\t<\/div>\n\t\t\t\t<\/div>\n\t\t<div class=\"elementor-element elementor-element-4bd58e6 e-flex e-con-boxed e-con e-parent\" data-id=\"4bd58e6\" data-element_type=\"container\" data-e-type=\"container\" data-settings=\"{&quot;background_background&quot;:&quot;classic&quot;}\">\n\t\t\t\t\t<div class=\"e-con-inner\">\n\t\t\t\t<div class=\"elementor-element elementor-element-ed2bbe7 elementor-widget elementor-widget-heading\" data-id=\"ed2bbe7\" data-element_type=\"widget\" data-e-type=\"widget\" data-widget_type=\"heading.default\">\n\t\t\t\t<div class=\"elementor-widget-container\">\n\t\t\t\t\t<h2 class=\"elementor-heading-title elementor-size-default\">Vendas e Servi\u00e7os <\/h2>\t\t\t\t<\/div>\n\t\t\t\t<\/div>\n\t\t\t\t\t<\/div>\n\t\t\t\t<\/div>\n\t\t<div class=\"elementor-element elementor-element-956ed5e e-flex e-con-boxed e-con e-parent\" data-id=\"956ed5e\" data-element_type=\"container\" data-e-type=\"container\" data-settings=\"{&quot;background_background&quot;:&quot;classic&quot;}\">\n\t\t\t\t\t<div class=\"e-con-inner\">\n\t\t\t\t\t<\/div>\n\t\t\t\t<\/div>\n\t\t<div class=\"elementor-element elementor-element-0c2bcd4 e-con-full e-flex e-con e-parent\" data-id=\"0c2bcd4\" data-element_type=\"container\" data-e-type=\"container\" data-settings=\"{&quot;background_background&quot;:&quot;classic&quot;}\">\n\t\t\t\t<div class=\"elementor-element elementor-element-1c59b73 elementor-widget elementor-widget-wpforms\" data-id=\"1c59b73\" data-element_type=\"widget\" data-e-type=\"widget\" data-widget_type=\"wpforms.default\">\n\t\t\t\t<div class=\"elementor-widget-container\">\n\t\t\t\t\t<div class=\"wpforms-container \" id=\"wpforms-1147\"><form id=\"wpforms-form-1147\" class=\"wpforms-validate wpforms-form wpforms-ajax-form\" data-formid=\"1147\" method=\"post\" enctype=\"multipart\/form-data\" action=\"\/principal\/wp-json\/wp\/v2\/pages\/1150\" data-token=\"8379699bc1d7960da86fd7f14d40379b\" data-token-time=\"1777830970\"><noscript class=\"wpforms-error-noscript\">Ative o JavaScript no seu navegador para preencher este formul\u00e1rio.<\/noscript><div class=\"wpforms-field-container\">\t\t<div id=\"wpforms-1147-field_4-container\"\n\t\t\tclass=\"wpforms-field wpforms-field-text\"\n\t\t\tdata-field-type=\"text\"\n\t\t\tdata-field-id=\"4\"\n\t\t\t>\n\t\t\t<label class=\"wpforms-field-label\" for=\"wpforms-1147-field_4\" >Nome Coment\u00e1rio E-mail<\/label>\n\t\t\t<input type=\"text\" id=\"wpforms-1147-field_4\" class=\"wpforms-field-medium\" name=\"wpforms[fields][4]\" >\n\t\t<\/div>\n\t\t<div id=\"wpforms-1147-field_1-container\" class=\"wpforms-field wpforms-field-name\" data-field-id=\"1\"><label class=\"wpforms-field-label\" for=\"wpforms-1147-field_1\">Nome <span class=\"wpforms-required-label\">*<\/span><\/label><input type=\"text\" id=\"wpforms-1147-field_1\" class=\"wpforms-field-medium wpforms-field-required\" name=\"wpforms[fields][1]\" required><\/div><div id=\"wpforms-1147-field_2-container\" class=\"wpforms-field wpforms-field-email\" data-field-id=\"2\"><label class=\"wpforms-field-label\" for=\"wpforms-1147-field_2\">E-mail <span class=\"wpforms-required-label\">*<\/span><\/label><input type=\"email\" id=\"wpforms-1147-field_2\" class=\"wpforms-field-medium wpforms-field-required\" name=\"wpforms[fields][2]\" spellcheck=\"false\" required><\/div><div id=\"wpforms-1147-field_3-container\" class=\"wpforms-field wpforms-field-textarea\" data-field-id=\"3\"><label class=\"wpforms-field-label\" for=\"wpforms-1147-field_3\">Coment\u00e1rio ou Mensagem<\/label><textarea id=\"wpforms-1147-field_3\" class=\"wpforms-field-small\" name=\"wpforms[fields][3]\" ><\/textarea><\/div><script>\n\t\t\t\t( function() {\n\t\t\t\t\tconst style = document.createElement( 'style' );\n\t\t\t\t\tstyle.appendChild( document.createTextNode( '#wpforms-1147-field_4-container { position: absolute !important; overflow: hidden !important; display: inline !important; height: 1px !important; width: 1px !important; z-index: -1000 !important; padding: 0 !important; } #wpforms-1147-field_4-container input { visibility: hidden; } #wpforms-conversational-form-page #wpforms-1147-field_4-container label { counter-increment: none; }' ) );\n\t\t\t\t\tdocument.head.appendChild( style );\n\t\t\t\t\tdocument.currentScript?.remove();\n\t\t\t\t} )();\n\t\t\t<\/script><\/div><!-- .wpforms-field-container --><div class=\"wpforms-submit-container\" ><input type=\"hidden\" name=\"wpforms[id]\" value=\"1147\"><input type=\"hidden\" name=\"page_title\" value=\"\"><input type=\"hidden\" name=\"page_url\" value=\"https:\/\/eletronicawisdom.com.br\/principal\/wp-json\/wp\/v2\/pages\/1150\"><input type=\"hidden\" name=\"url_referer\" value=\"\"><button type=\"submit\" name=\"wpforms[submit]\" id=\"wpforms-submit-1147\" class=\"wpforms-submit\" data-alt-text=\"Enviando\u2026\" data-submit-text=\"Enviar\" aria-live=\"assertive\" value=\"wpforms-submit\">Enviar<\/button><img decoding=\"async\" src=\"https:\/\/eletronicawisdom.com.br\/wp-content\/plugins\/wpforms-lite\/assets\/images\/submit-spin.svg\" class=\"wpforms-submit-spinner\" style=\"display: none;\" width=\"26\" height=\"26\" alt=\"Carregando\"><\/div><\/form><\/div>  <!-- .wpforms-container -->\t\t\t\t<\/div>\n\t\t\t\t<\/div>\n\t\t\t\t<\/div>\n\t\t<div class=\"elementor-element elementor-element-4505d78 e-flex e-con-boxed e-con e-parent\" data-id=\"4505d78\" data-element_type=\"container\" data-e-type=\"container\" data-settings=\"{&quot;background_background&quot;:&quot;classic&quot;}\">\n\t\t\t\t\t<div class=\"e-con-inner\">\n\t\t\t\t\t<\/div>\n\t\t\t\t<\/div>\n\t\t<div class=\"elementor-element elementor-element-368707e e-flex e-con-boxed e-con e-parent\" data-id=\"368707e\" data-element_type=\"container\" data-e-type=\"container\" data-settings=\"{&quot;background_background&quot;:&quot;classic&quot;}\">\n\t\t\t\t\t<div class=\"e-con-inner\">\n\t\t<div class=\"elementor-element elementor-element-279ca93 e-grid e-con-full e-con e-child\" data-id=\"279ca93\" data-element_type=\"container\" data-e-type=\"container\">\n\t\t\t\t<div class=\"elementor-element elementor-element-2aa7fd3 elementor-widget elementor-widget-image\" data-id=\"2aa7fd3\" data-element_type=\"widget\" data-e-type=\"widget\" data-widget_type=\"image.default\">\n\t\t\t\t<div class=\"elementor-widget-container\">\n\t\t\t\t\t\t\t\t\t\t\t\t\t\t\t<img fetchpriority=\"high\" decoding=\"async\" width=\"508\" height=\"276\" src=\"https:\/\/eletronicawisdom.com.br\/wp-content\/uploads\/2025\/04\/5-2.png\" class=\"attachment-medium_large size-medium_large wp-image-1281\" alt=\"\" srcset=\"https:\/\/eletronicawisdom.com.br\/wp-content\/uploads\/2025\/04\/5-2.png 508w, https:\/\/eletronicawisdom.com.br\/wp-content\/uploads\/2025\/04\/5-2-300x163.png 300w\" sizes=\"(max-width: 508px) 100vw, 508px\" \/>\t\t\t\t\t\t\t\t\t\t\t\t\t\t\t<\/div>\n\t\t\t\t<\/div>\n\t\t\t\t<\/div>\n\t\t\t\t\t<\/div>\n\t\t\t\t<\/div>\n\t\t<div class=\"elementor-element elementor-element-1c3733e e-flex e-con-boxed e-con e-parent\" data-id=\"1c3733e\" data-element_type=\"container\" data-e-type=\"container\">\n\t\t\t\t\t<div class=\"e-con-inner\">\n\t\t\t\t\t<\/div>\n\t\t\t\t<\/div>\n\t\t\t\t<\/div>\n\t\t","protected":false},"excerpt":{"rendered":"<p>ELETR\u00d4NICA WISDOM Vendas e Servi\u00e7os Ative o JavaScript no seu navegador para preencher este formul\u00e1rio.Nome *E-mail *Coment\u00e1rio ou Mensagem Enviar<\/p>\n","protected":false},"author":1,"featured_media":0,"parent":0,"menu_order":0,"comment_status":"closed","ping_status":"closed","template":"page-templates\/template-pagebuilder-full-width.php","meta":{"_uag_custom_page_level_css":"","neve_meta_sidebar":"","neve_meta_container":"","neve_meta_enable_content_width":"","neve_meta_content_width":0,"neve_meta_title_alignment":"","neve_meta_author_avatar":"","neve_post_elements_order":"","neve_meta_disable_header":"","neve_meta_disable_footer":"","neve_meta_disable_title":"","footnotes":""},"class_list":["post-1150","page","type-page","status-publish","hentry"],"aioseo_notices":[],"uagb_featured_image_src":{"full":false,"thumbnail":false,"medium":false,"medium_large":false,"large":false,"1536x1536":false,"2048x2048":false,"neve-blog":false},"uagb_author_info":{"display_name":"marco.aurelio.soares@gmail.com","author_link":"https:\/\/eletronicawisdom.com.br\/principal\/author\/marco-aurelio-soaresgmail-com\/"},"uagb_comment_info":0,"uagb_excerpt":"ELETR\u00d4NICA WISDOM Vendas e Servi\u00e7os Ative o JavaScript no seu navegador para preencher este formul\u00e1rio.Nome *E-mail *Coment\u00e1rio ou Mensagem Enviar","_links":{"self":[{"href":"https:\/\/eletronicawisdom.com.br\/principal\/wp-json\/wp\/v2\/pages\/1150","targetHints":{"allow":["GET"]}}],"collection":[{"href":"https:\/\/eletronicawisdom.com.br\/principal\/wp-json\/wp\/v2\/pages"}],"about":[{"href":"https:\/\/eletronicawisdom.com.br\/principal\/wp-json\/wp\/v2\/types\/page"}],"author":[{"embeddable":true,"href":"https:\/\/eletronicawisdom.com.br\/principal\/wp-json\/wp\/v2\/users\/1"}],"replies":[{"embeddable":true,"href":"https:\/\/eletronicawisdom.com.br\/principal\/wp-json\/wp\/v2\/comments?post=1150"}],"version-history":[{"count":52,"href":"https:\/\/eletronicawisdom.com.br\/principal\/wp-json\/wp\/v2\/pages\/1150\/revisions"}],"predecessor-version":[{"id":1366,"href":"https:\/\/eletronicawisdom.com.br\/principal\/wp-json\/wp\/v2\/pages\/1150\/revisions\/1366"}],"wp:attachment":[{"href":"https:\/\/eletronicawisdom.com.br\/principal\/wp-json\/wp\/v2\/media?parent=1150"}],"curies":[{"name":"wp","href":"https:\/\/api.w.org\/{rel}","templated":true}]}}